{"id":947,"date":"2026-03-10T20:36:29","date_gmt":"2026-03-10T23:36:29","guid":{"rendered":"https:\/\/mccicm.uff.br\/?page_id=947"},"modified":"2026-03-10T20:39:16","modified_gmt":"2026-03-10T23:39:16","slug":"sistema-eletronico-de-informacoes-sei","status":"publish","type":"page","link":"https:\/\/mccicm.uff.br\/?page_id=947","title":{"rendered":"Sistema Eletr\u00f4nico de Informa\u00e7\u00f5es (SEI)"},"content":{"rendered":"<p>O Sistema Eletr\u00f4nico de Informa\u00e7\u00f5es (SEI) da UFF \u00e9 a plataforma oficial utilizada pela universidade para a gest\u00e3o digital de processos administrativos. Ele permite que documentos sejam criados, assinados, tramitados e arquivados de forma totalmente eletr\u00f4nica, garantindo mais agilidade, transpar\u00eancia e seguran\u00e7a nas atividades institucionais. Por meio do SEI, estudantes, servidores e setores da UFF conseguem acompanhar solicita\u00e7\u00f5es, enviar documentos e acompanhar o andamento de processos sem necessidade de papel ou deslocamento, tornando a comunica\u00e7\u00e3o interna mais eficiente e acess\u00edvel.<\/p>\n<p><strong>Link do Sistema Eletr\u00f4nico de Informa\u00e7\u00f5es:<\/strong><\/p>\n<a href='https:\/\/www.uff.br\/sei\/' class='small-button smallblue' target=\"_blank\">Acesso SEI<\/a>\n<p>&nbsp;<\/p>\n<p><img loading=\"lazy\" decoding=\"async\" class=\"alignnone size-medium wp-image-949\" src=\"http:\/\/mccicm.uff.br\/wp-content\/uploads\/sites\/79\/2026\/03\/WhatsApp-Image-2026-03-10-at-8.36.04-PM-300x88.jpeg\" alt=\"\" width=\"300\" height=\"88\" \/><\/p>\n","protected":false},"excerpt":{"rendered":"<p>O Sistema Eletr\u00f4nico de Informa\u00e7\u00f5es (SEI) da UFF \u00e9 a plataforma oficial utilizada pela universidade para a gest\u00e3o digital de processos administrativos. Ele permite que documentos sejam criados, assinados, tramitados e arquivados de forma totalmente eletr\u00f4nica, garantindo mais agilidade, transpar\u00eancia e seguran\u00e7a nas atividades institucionais. Por meio do SEI, estudantes, servidores e setores da UFF [&hellip;]<\/p>\n","protected":false},"author":106,"featured_media":0,"parent":0,"menu_order":0,"comment_status":"closed","ping_status":"closed","template":"","meta":{"_et_pb_use_builder":"","_et_pb_old_content":"","_et_gb_content_width":"","footnotes":""},"class_list":["post-947","page","type-page","status-publish","hentry"],"_links":{"self":[{"href":"https:\/\/mccicm.uff.br\/index.php?rest_route=\/wp\/v2\/pages\/947","targetHints":{"allow":["GET"]}}],"collection":[{"href":"https:\/\/mccicm.uff.br\/index.php?rest_route=\/wp\/v2\/pages"}],"about":[{"href":"https:\/\/mccicm.uff.br\/index.php?rest_route=\/wp\/v2\/types\/page"}],"author":[{"embeddable":true,"href":"https:\/\/mccicm.uff.br\/index.php?rest_route=\/wp\/v2\/users\/106"}],"replies":[{"embeddable":true,"href":"https:\/\/mccicm.uff.br\/index.php?rest_route=%2Fwp%2Fv2%2Fcomments&post=947"}],"version-history":[{"count":3,"href":"https:\/\/mccicm.uff.br\/index.php?rest_route=\/wp\/v2\/pages\/947\/revisions"}],"predecessor-version":[{"id":952,"href":"https:\/\/mccicm.uff.br\/index.php?rest_route=\/wp\/v2\/pages\/947\/revisions\/952"}],"wp:attachment":[{"href":"https:\/\/mccicm.uff.br\/index.php?rest_route=%2Fwp%2Fv2%2Fmedia&parent=947"}],"curies":[{"name":"wp","href":"https:\/\/api.w.org\/{rel}","templated":true}]}}