{"id":938,"date":"2026-03-10T20:16:02","date_gmt":"2026-03-10T23:16:02","guid":{"rendered":"https:\/\/mccicm.uff.br\/?page_id=938"},"modified":"2026-03-10T20:16:02","modified_gmt":"2026-03-10T23:16:02","slug":"minha-biblioteca","status":"publish","type":"page","link":"https:\/\/mccicm.uff.br\/?page_id=938","title":{"rendered":"Minha Biblioteca"},"content":{"rendered":"<p>O Minha Biblioteca \u00e9 uma plataforma digital que re\u00fane milhares de livros acad\u00eamicos de diversas \u00e1reas do conhecimento, permitindo que estudantes e professores acessem obras de refer\u00eancia de forma pr\u00e1tica e online. Os alunos da Universidade Federal Fluminense (UFF) t\u00eam direito a acesso institucional gratuito ao acervo, podendo consultar os livros a qualquer momento mediante login com as credenciais fornecidas pela universidade.<\/p>\n<h3><\/h3>\n<h3>Instru\u00e7\u00f5es de Acesso<\/h3>\n<p>Para ter acesso \u00e0 Minha Biblioteca, preencha o formul\u00e1rio <a href=\"https:\/\/docs.google.com\/forms\/d\/e\/1FAIpQLSdmVlDJze480UwvW8T5pmNh-GC5pkZOEytAm4fpx2GGFD6Fsw\/viewform\">https:\/\/docs.google.com\/forms\/d\/e\/1FAIpQLSdmVlDJze480UwvW8T5pmNh-GC5pkZOEytAm4fpx2GGFD6Fsw\/viewform<\/a>, logado com o seu @id.uff.br.<br \/>\nVoc\u00ea receber\u00e1 um email da Se\u00e7\u00e3o de Gerenciamento de Recursos Informacionais (SGRI) com o seu usu\u00e1rio e senha de acesso.<br \/>\nCom estas informa\u00e7\u00f5es, acesse &lt;https:\/\/sso.minhabiblioteca.com.br\/Login.aspx?key=UFF&gt; e preencha os campos<br \/>\nde \u201cUsu\u00e1rio\u201d e \u201cSenha\u201d e clique em \u201cAcessar\u201d<\/p>\n<a href='https:\/\/sso.minhabiblioteca.com.br\/Login.aspx?key=UFF' class='big-button bigblue' target=\"_blank\">MINHA BIBLIOTECA<\/a>\n","protected":false},"excerpt":{"rendered":"<p>O Minha Biblioteca \u00e9 uma plataforma digital que re\u00fane milhares de livros acad\u00eamicos de diversas \u00e1reas do conhecimento, permitindo que estudantes e professores acessem obras de refer\u00eancia de forma pr\u00e1tica e online. Os alunos da Universidade Federal Fluminense (UFF) t\u00eam direito a acesso institucional gratuito ao acervo, podendo consultar os livros a qualquer momento mediante [&hellip;]<\/p>\n","protected":false},"author":106,"featured_media":0,"parent":0,"menu_order":0,"comment_status":"closed","ping_status":"closed","template":"","meta":{"_et_pb_use_builder":"","_et_pb_old_content":"","_et_gb_content_width":"","footnotes":""},"class_list":["post-938","page","type-page","status-publish","hentry"],"_links":{"self":[{"href":"https:\/\/mccicm.uff.br\/index.php?rest_route=\/wp\/v2\/pages\/938","targetHints":{"allow":["GET"]}}],"collection":[{"href":"https:\/\/mccicm.uff.br\/index.php?rest_route=\/wp\/v2\/pages"}],"about":[{"href":"https:\/\/mccicm.uff.br\/index.php?rest_route=\/wp\/v2\/types\/page"}],"author":[{"embeddable":true,"href":"https:\/\/mccicm.uff.br\/index.php?rest_route=\/wp\/v2\/users\/106"}],"replies":[{"embeddable":true,"href":"https:\/\/mccicm.uff.br\/index.php?rest_route=%2Fwp%2Fv2%2Fcomments&post=938"}],"version-history":[{"count":1,"href":"https:\/\/mccicm.uff.br\/index.php?rest_route=\/wp\/v2\/pages\/938\/revisions"}],"predecessor-version":[{"id":939,"href":"https:\/\/mccicm.uff.br\/index.php?rest_route=\/wp\/v2\/pages\/938\/revisions\/939"}],"wp:attachment":[{"href":"https:\/\/mccicm.uff.br\/index.php?rest_route=%2Fwp%2Fv2%2Fmedia&parent=938"}],"curies":[{"name":"wp","href":"https:\/\/api.w.org\/{rel}","templated":true}]}}