{"id":901,"date":"2026-03-06T13:12:23","date_gmt":"2026-03-06T16:12:23","guid":{"rendered":"https:\/\/mccicm.uff.br\/?page_id=901"},"modified":"2026-03-10T20:57:21","modified_gmt":"2026-03-10T23:57:21","slug":"repositorio-institucional-riuff","status":"publish","type":"page","link":"https:\/\/mccicm.uff.br\/?page_id=901","title":{"rendered":"Reposit\u00f3rio Institucional (RIUFF)"},"content":{"rendered":"<p><!--StartFragment --><\/p>\n<p>O Reposit\u00f3rio Institucional da UFF (RIUFF) \u00e9 a plataforma digital dedicada a reunir, preservar e divulgar a produ\u00e7\u00e3o acad\u00eamica, cient\u00edfica e art\u00edstica da Universidade Federal Fluminense. Ele funciona como um acervo aberto, onde s\u00e3o disponibilizados trabalhos de conclus\u00e3o de curso, disserta\u00e7\u00f5es, teses, artigos, livros, materiais did\u00e1ticos e outros conte\u00fados produzidos pela comunidade universit\u00e1ria. O objetivo do RIUFF \u00e9 garantir visibilidade, acesso p\u00fablico e preserva\u00e7\u00e3o de longo prazo desse conhecimento, fortalecendo a pesquisa, a transpar\u00eancia e a circula\u00e7\u00e3o de saberes dentro e fora da universidade.<\/p>\n<p>\ud83d\udd17 <strong>Acesse o RIUFF:<\/strong><\/p>\n<a href='https:\/\/app.uff.br\/riuff\/' class='big-button bigblue' target=\"_blank\">Acesso RIUFF<\/a>\n<p>&nbsp;<\/p>\n<p><!--EndFragment --><\/p>\n","protected":false},"excerpt":{"rendered":"<p>O Reposit\u00f3rio Institucional da UFF (RIUFF) \u00e9 a plataforma digital dedicada a reunir, preservar e divulgar a produ\u00e7\u00e3o acad\u00eamica, cient\u00edfica e art\u00edstica da Universidade Federal Fluminense. Ele funciona como um acervo aberto, onde s\u00e3o disponibilizados trabalhos de conclus\u00e3o de curso, disserta\u00e7\u00f5es, teses, artigos, livros, materiais did\u00e1ticos e outros conte\u00fados produzidos pela comunidade universit\u00e1ria. O objetivo [&hellip;]<\/p>\n","protected":false},"author":106,"featured_media":0,"parent":0,"menu_order":0,"comment_status":"closed","ping_status":"closed","template":"","meta":{"_et_pb_use_builder":"","_et_pb_old_content":"","_et_gb_content_width":"","footnotes":""},"class_list":["post-901","page","type-page","status-publish","hentry"],"_links":{"self":[{"href":"https:\/\/mccicm.uff.br\/index.php?rest_route=\/wp\/v2\/pages\/901","targetHints":{"allow":["GET"]}}],"collection":[{"href":"https:\/\/mccicm.uff.br\/index.php?rest_route=\/wp\/v2\/pages"}],"about":[{"href":"https:\/\/mccicm.uff.br\/index.php?rest_route=\/wp\/v2\/types\/page"}],"author":[{"embeddable":true,"href":"https:\/\/mccicm.uff.br\/index.php?rest_route=\/wp\/v2\/users\/106"}],"replies":[{"embeddable":true,"href":"https:\/\/mccicm.uff.br\/index.php?rest_route=%2Fwp%2Fv2%2Fcomments&post=901"}],"version-history":[{"count":2,"href":"https:\/\/mccicm.uff.br\/index.php?rest_route=\/wp\/v2\/pages\/901\/revisions"}],"predecessor-version":[{"id":962,"href":"https:\/\/mccicm.uff.br\/index.php?rest_route=\/wp\/v2\/pages\/901\/revisions\/962"}],"wp:attachment":[{"href":"https:\/\/mccicm.uff.br\/index.php?rest_route=%2Fwp%2Fv2%2Fmedia&parent=901"}],"curies":[{"name":"wp","href":"https:\/\/api.w.org\/{rel}","templated":true}]}}