{"id":725,"date":"2026-02-27T01:13:46","date_gmt":"2026-02-27T04:13:46","guid":{"rendered":"https:\/\/mccicm.uff.br\/?page_id=725"},"modified":"2026-03-02T06:31:33","modified_gmt":"2026-03-02T09:31:33","slug":"comissao-de-acessibilidade-do-icm","status":"publish","type":"page","link":"https:\/\/mccicm.uff.br\/?page_id=725","title":{"rendered":"Comiss\u00e3o de Acessibilidade do ICM"},"content":{"rendered":"<p>A UFF Maca\u00e9 conta com a Comiss\u00e3o de Acessibilidade do Instituto de Ci\u00eancias da Sociedade de Maca\u00e9 &#8211; ICM, cuja finalidade \u00e9 contribuir e intermediar a atua\u00e7\u00e3o dos diversos setores da Unidade nos assuntos relacionados \u00e0 acessibilidade e acompanhar os estudantes com defici\u00eancia. Seu trabalho busca apoiar e promover uma maior acessibilidade no Instituto, recepcionando e\/ou identificando as demandas dos alunos, coordenadores de cursos, professores e demais setores da Unidade e buscando junto \u00e0 Secretaria de Acessibilidade e Inclus\u00e3o (SAI), vinculada a Pr\u00f3 Reitoria de Assuntos Estudantis ( PROAES) e \u00e0 Dire\u00e7\u00e3o da Unidade, informa\u00e7\u00f5es e a\u00e7\u00f5es para atend\u00ea-las.<\/p>\n<p>Atualmente, a Comiss\u00e3o \u00e9 composta pelos seguintes servidores:<\/p>\n<p>MAICON MARTINS ANCHIETA, t\u00e9cnico administrativo e presidente, matr\u00edcula SIAPE 1945122;<\/p>\n<p>JHONY SANTOS DE OLIVEIRA, t\u00e9cnico administrativo, matr\u00edcula SIAPE 1698848;<\/p>\n<p>LUCAS DA CUNHA LINS, t\u00e9cnico administrativo, matr\u00edcula SIAPE 1799203;<\/p>\n<p>CARINA BAIA DE SANTANA, t\u00e9cnica administrativa, matr\u00edcula SIAPE 2151167 e<\/p>\n<p>NILMA DE F\u00c1TIMA BEZERRA DE MORAES, t\u00e9cnica administrativa, matr\u00edcula SIAPE 2417890.<\/p>\n<p>&nbsp;<\/p>\n<h4>CONTATOS IMPORTANTES:<\/h4>\n<ul>\n<li>Comiss\u00e3o de Acessibilidade do ICM: acessibilidade.icm.comissao@id.uff.br<\/li>\n<li>Secretaria de Acessibilidade e Inclus\u00e3o da UFF: sai.proaes@id.uff.br<\/li>\n<li>Sensibiliza UFF:\u00a0<a href=\"https:\/\/sensibiliza.uff.br\/\">https:\/\/sensibiliza.uff.br\/<\/a><\/li>\n<\/ul>\n","protected":false},"excerpt":{"rendered":"<p>A UFF Maca\u00e9 conta com a Comiss\u00e3o de Acessibilidade do Instituto de Ci\u00eancias da Sociedade de Maca\u00e9 &#8211; ICM, cuja finalidade \u00e9 contribuir e intermediar a atua\u00e7\u00e3o dos diversos setores da Unidade nos assuntos relacionados \u00e0 acessibilidade e acompanhar os estudantes com defici\u00eancia. Seu trabalho busca apoiar e promover uma maior acessibilidade no Instituto, recepcionando [&hellip;]<\/p>\n","protected":false},"author":106,"featured_media":0,"parent":600,"menu_order":0,"comment_status":"closed","ping_status":"closed","template":"","meta":{"_et_pb_use_builder":"","_et_pb_old_content":"","_et_gb_content_width":"","footnotes":""},"class_list":["post-725","page","type-page","status-publish","hentry"],"_links":{"self":[{"href":"https:\/\/mccicm.uff.br\/index.php?rest_route=\/wp\/v2\/pages\/725","targetHints":{"allow":["GET"]}}],"collection":[{"href":"https:\/\/mccicm.uff.br\/index.php?rest_route=\/wp\/v2\/pages"}],"about":[{"href":"https:\/\/mccicm.uff.br\/index.php?rest_route=\/wp\/v2\/types\/page"}],"author":[{"embeddable":true,"href":"https:\/\/mccicm.uff.br\/index.php?rest_route=\/wp\/v2\/users\/106"}],"replies":[{"embeddable":true,"href":"https:\/\/mccicm.uff.br\/index.php?rest_route=%2Fwp%2Fv2%2Fcomments&post=725"}],"version-history":[{"count":3,"href":"https:\/\/mccicm.uff.br\/index.php?rest_route=\/wp\/v2\/pages\/725\/revisions"}],"predecessor-version":[{"id":729,"href":"https:\/\/mccicm.uff.br\/index.php?rest_route=\/wp\/v2\/pages\/725\/revisions\/729"}],"up":[{"embeddable":true,"href":"https:\/\/mccicm.uff.br\/index.php?rest_route=\/wp\/v2\/pages\/600"}],"wp:attachment":[{"href":"https:\/\/mccicm.uff.br\/index.php?rest_route=%2Fwp%2Fv2%2Fmedia&parent=725"}],"curies":[{"name":"wp","href":"https:\/\/api.w.org\/{rel}","templated":true}]}}