{"id":651,"date":"2026-02-26T22:38:17","date_gmt":"2026-02-27T01:38:17","guid":{"rendered":"https:\/\/mccicm.uff.br\/?page_id=651"},"modified":"2026-03-06T14:11:01","modified_gmt":"2026-03-06T17:11:01","slug":"extensao","status":"publish","type":"page","link":"https:\/\/mccicm.uff.br\/?page_id=651","title":{"rendered":"EXTENS\u00c3O"},"content":{"rendered":"<p>A inser\u00e7\u00e3o da inova\u00e7\u00e3o nos componentes curriculares \u00e9 fortalecida pela articula\u00e7\u00e3o com Projetos de Extens\u00e3o universit\u00e1ria, que permitem aos discentes aplicar os conhecimentos adquiridos em benef\u00edcio da comunidade e das organiza\u00e7\u00f5es da regi\u00e3o. Os docentes s\u00e3o fortemente estimulados a propor, a qualquer tempo, a\u00e7\u00f5es de extens\u00e3o de acordo com a identifica\u00e7\u00e3o das demandas sociais e\/ou com os interesses dos discentes de forma que estes possam cumprir sua carga hor\u00e1ria obrigat\u00f3ria de extens\u00e3o ao mesmo tempo em que aprofundam e aplicam seus conhecimentos. S\u00e3o exemplos dessas iniciativas:<\/p>\n<p>&nbsp;<\/p>\n<h3><strong><img loading=\"lazy\" decoding=\"async\" class=\"size-medium wp-image-775 alignleft\" src=\"http:\/\/mccicm.uff.br\/wp-content\/uploads\/sites\/79\/2026\/03\/WhatsApp-Image-2026-03-02-at-7.41.58-PM-300x300.jpeg\" alt=\"\" width=\"300\" height=\"300\" \/>N\u00facleo de Apoio Cont\u00e1bil e Fiscal (NAF)<\/strong><\/h3>\n<p>Desenvolvido em conv\u00eanio com a Receita Federal do Brasil (RFB), presta atendimento \u00e0 popula\u00e7\u00e3o hipossuficiente financeiramente, auxiliando na regulariza\u00e7\u00e3o de CPF, no apoio a Microempreendedores Individuais (MEI) e na elabora\u00e7\u00e3o da Declara\u00e7\u00e3o do Imposto de Renda da Pessoa F\u00edsica (IRPF).<\/p>\n<p><strong>Coordena\u00e7\u00e3o: <\/strong>Profa Erica Jann\u00a0 \u00a0 \u00a0 \u00a0 \u00a0 \u00a0 \u00a0 \u00a0 \u00a0 \u00a0 \u00a0 \u00a0 \u00a0 \u00a0 \u00a0 \u00a0 \u00a0 \u00a0 \u00a0 \u00a0 \u00a0 \u00a0 \u00a0 \u00a0 \u00a0 \u00a0 \u00a0 \u00a0 \u00a0 \u00a0 <strong>Contato:\u00a0<a href=\"ericajann@id.uff.br\">ericajann@id.uff.br<\/a>\u00a0 \u00a0 \u00a0 \u00a0 \u00a0 \u00a0 \u00a0 \u00a0 \u00a0 \u00a0 \u00a0 \u00a0 \u00a0I<\/strong><strong>nstagram:<a href=\"https:\/\/www.instagram.com\/nafuffmacae\">https:\/\/www.instagram.com\/nafuffmacae<\/a><\/strong><\/p>\n<h3><\/h3>\n<p>&nbsp;<\/p>\n<h3><strong><img loading=\"lazy\" decoding=\"async\" class=\"size-medium wp-image-778 alignleft\" src=\"http:\/\/mccicm.uff.br\/wp-content\/uploads\/sites\/79\/2026\/03\/Logo_Parceiros-da-Escola-300x300.png\" alt=\"\" width=\"300\" height=\"300\" \/><\/strong><strong>Parceiros da Escola &#8211; Matem\u00e1tica<\/strong><\/h3>\n<p>As atividades dessa a\u00e7\u00e3o se renovam a cada ano, no entanto, em linhas gerais, objetiva a democratiza\u00e7\u00e3o do conhecimento matem\u00e1tico, principalmente para os estudantes do ensino fundamental e m\u00e9dio, por meio da produ\u00e7\u00e3o de materiais de matem\u00e1tica e matem\u00e1tica financeira, como, por exemplo: material preparat\u00f3rio para ingresso nos Institutos Federais (material audiovisual e e-books), elabora\u00e7\u00e3o de jogos para aplica\u00e7\u00e3o em sala de aula, material de matem\u00e1tica financeira e afins.<\/p>\n<p><strong>Coordena\u00e7\u00e3o: <\/strong>Profa Monique S. Barreto <strong>Contato:<a href=\"matematicaparceirosdaescola@gmail.com\">matematicaparceirosdaescola@gmail.com<\/a><\/strong> <strong>Instagram:<a href=\"https:\/\/www.instagram.com\/uff.parceirosdaescola\/\">https:\/\/www.instagram.com\/uff.parceirosdaescola\/<\/a><\/strong> <strong>Youtube:<a href=\"https:\/\/www.youtube.com\/@Parceirosdaescolamatem%C3%A1tica\/videos\">https:\/\/www.youtube.com\/@Parceirosdaescolamatem%C3%A1tica\/videos<\/a><\/strong><\/p>\n<h3><\/h3>\n<p>&nbsp;<\/p>\n<h3><strong><img loading=\"lazy\" decoding=\"async\" class=\"size-medium wp-image-800 alignleft\" src=\"http:\/\/mccicm.uff.br\/wp-content\/uploads\/sites\/79\/2026\/03\/WhatsApp-Image-2026-03-03-at-11.54.56-AM-300x285.jpeg\" alt=\"\" width=\"300\" height=\"285\" \/>Educa\u00e7\u00e3o Financeira e Sustentabilidade<\/strong><\/h3>\n<p>Iniciativa voltada \u00e0 forma\u00e7\u00e3o de multiplicadores em educa\u00e7\u00e3o financeira, capacitando os discentes para disseminar conhecimentos sobre planejamento financeiro, consumo consciente e sustentabilidade junto \u00e0 comunidade acad\u00eamica e \u00e0 sociedade em geral.<\/p>\n<p><strong>Coordena\u00e7\u00e3o: <\/strong>Profa Vanuza da Silva Figueiredo\u00a0 \u00a0 <strong>Contato:<a href=\"vanuzafigueiredo@hotmail.com\">vanuzafigueiredo@hotmail.com<\/a><\/strong><\/p>\n<p><strong>Redes Sociais: <a href=\"https:\/\/www.instagram.com\/edufinuff_macae\">https:\/\/www.instagram.com\/edufinuff_macae<\/a><\/strong><\/p>\n<h3><\/h3>\n<p>&nbsp;<\/p>\n<h3><strong><img loading=\"lazy\" decoding=\"async\" class=\"size-medium wp-image-797 alignleft\" src=\"http:\/\/mccicm.uff.br\/wp-content\/uploads\/sites\/79\/2026\/03\/Logo_Gestao_com_Ciencia-300x300.jpeg\" alt=\"\" width=\"300\" height=\"300\" \/>Gest\u00e3o com Ci\u00eancia<\/strong><\/h3>\n<p>Projeto de extens\u00e3o que apoia micro e pequenas empresas, bem como organiza\u00e7\u00f5es da sociedade civil, na utiliza\u00e7\u00e3o de ferramentas gerenciais e cont\u00e1beis, visando \u00e0 identifica\u00e7\u00e3o de desafios, oportunidades de melhoria e ao fortalecimento dos processos de gest\u00e3o.<\/p>\n<p><strong>Coordena\u00e7\u00e3o: <\/strong>Profa J\u00falia Alves e Souza\u00a0 \u00a0 \u00a0 \u00a0 \u00a0 \u00a0 \u00a0 \u00a0 \u00a0 \u00a0 <strong>Contato:\u00a0<a href=\"gestaocomcienciauff@gmail.com\">gestaocomcienciauff@gmail.com<\/a><\/strong><\/p>\n<p>&nbsp;<\/p>\n<h3><\/h3>\n<h3><\/h3>\n<h3><strong><img loading=\"lazy\" decoding=\"async\" class=\"size-medium wp-image-919 alignleft\" src=\"http:\/\/mccicm.uff.br\/wp-content\/uploads\/sites\/79\/2026\/03\/WhatsApp-Image-2026-03-04-at-7.46.40-AM-300x298.jpeg\" alt=\"\" width=\"300\" height=\"298\" \/>Pr\u00e9-Vestibular Social<\/strong><\/h3>\n<p>Pr\u00e9-vestibular social, realizado em parceria com o Coletivo #Vem,\u00a0 atende jovens de baixa renda, contribuindo para a democratiza\u00e7\u00e3o do acesso ao ensino superior e para a redu\u00e7\u00e3o das desigualdades educacionais na regi\u00e3o.<\/p>\n<p><strong>Coordena\u00e7\u00e3o: Prof. Mauro Florentino<\/strong><\/p>\n<p>Vice coordenador: Prof. Fl\u00e1vio Marcos Silva Sarandy<\/p>\n<p><strong>Contato:\u00a0<a href=\"coletivovem2022@gmail.com\">coletivovem2022@gmail.com<\/a><\/strong><\/p>\n<p><strong>Redes Sociais:\u00a0<a href=\"https:\/\/www.instagram.com\/coletivovem\">https:\/\/www.instagram.com\/coletivovem<\/a><\/strong><\/p>\n<p>&nbsp;<\/p>\n<p><img loading=\"lazy\" decoding=\"async\" class=\"size-medium wp-image-784 aligncenter\" src=\"http:\/\/mccicm.uff.br\/wp-content\/uploads\/sites\/79\/2026\/03\/WhatsApp-Image-2026-03-02-at-8.35.32-PM-300x84.jpeg\" alt=\"\" width=\"300\" height=\"84\" \/><\/p>\n","protected":false},"excerpt":{"rendered":"<p>A inser\u00e7\u00e3o da inova\u00e7\u00e3o nos componentes curriculares \u00e9 fortalecida pela articula\u00e7\u00e3o com Projetos de Extens\u00e3o universit\u00e1ria, que permitem aos discentes aplicar os conhecimentos adquiridos em benef\u00edcio da comunidade e das organiza\u00e7\u00f5es da regi\u00e3o. Os docentes s\u00e3o fortemente estimulados a propor, a qualquer tempo, a\u00e7\u00f5es de extens\u00e3o de acordo com a identifica\u00e7\u00e3o das demandas sociais e\/ou [&hellip;]<\/p>\n","protected":false},"author":106,"featured_media":98,"parent":0,"menu_order":0,"comment_status":"closed","ping_status":"closed","template":"","meta":{"_et_pb_use_builder":"off","_et_pb_old_content":"","_et_gb_content_width":"","footnotes":""},"class_list":["post-651","page","type-page","status-publish","has-post-thumbnail","hentry"],"_links":{"self":[{"href":"https:\/\/mccicm.uff.br\/index.php?rest_route=\/wp\/v2\/pages\/651","targetHints":{"allow":["GET"]}}],"collection":[{"href":"https:\/\/mccicm.uff.br\/index.php?rest_route=\/wp\/v2\/pages"}],"about":[{"href":"https:\/\/mccicm.uff.br\/index.php?rest_route=\/wp\/v2\/types\/page"}],"author":[{"embeddable":true,"href":"https:\/\/mccicm.uff.br\/index.php?rest_route=\/wp\/v2\/users\/106"}],"replies":[{"embeddable":true,"href":"https:\/\/mccicm.uff.br\/index.php?rest_route=%2Fwp%2Fv2%2Fcomments&post=651"}],"version-history":[{"count":18,"href":"https:\/\/mccicm.uff.br\/index.php?rest_route=\/wp\/v2\/pages\/651\/revisions"}],"predecessor-version":[{"id":924,"href":"https:\/\/mccicm.uff.br\/index.php?rest_route=\/wp\/v2\/pages\/651\/revisions\/924"}],"wp:featuredmedia":[{"embeddable":true,"href":"https:\/\/mccicm.uff.br\/index.php?rest_route=\/wp\/v2\/media\/98"}],"wp:attachment":[{"href":"https:\/\/mccicm.uff.br\/index.php?rest_route=%2Fwp%2Fv2%2Fmedia&parent=651"}],"curies":[{"name":"wp","href":"https:\/\/api.w.org\/{rel}","templated":true}]}}