{"id":617,"date":"2026-02-26T21:53:05","date_gmt":"2026-02-27T00:53:05","guid":{"rendered":"https:\/\/mccicm.uff.br\/?page_id=617"},"modified":"2026-03-04T11:03:48","modified_gmt":"2026-03-04T14:03:48","slug":"matriz-curricular","status":"publish","type":"page","link":"https:\/\/mccicm.uff.br\/?page_id=617","title":{"rendered":"Matriz Curricular"},"content":{"rendered":"<p>A matriz curricular \u00e9 o instrumento acad\u00eamico que organiza, de forma estruturada e sequencial, os componentes curriculares do curso ao longo dos per\u00edodos letivos. Nela est\u00e3o definidos as disciplinas obrigat\u00f3rias e optativas, a carga hor\u00e1ria, os pr\u00e9-requisitos, as atividades complementares e o Trabalho de Conclus\u00e3o de Curso (TCC), assegurando coer\u00eancia entre os objetivos formativos, as compet\u00eancias previstas no Projeto Pedag\u00f3gico do Curso (PPC) e as Diretrizes Curriculares Nacionais. A matriz curricular orienta o percurso acad\u00eamico do estudante, garantindo uma forma\u00e7\u00e3o progressiva, integrada e alinhada \u00e0s demandas profissionais e cient\u00edficas da \u00e1rea.<\/p>\n<p><strong>\ud83d\udcccA matriz curricular vigente no Curso de Ci\u00eancias Cont\u00e1beis de Maca\u00e9 \u00e9 a referente ao curr\u00edculo 105:<\/strong><\/p>\n<p><strong><a href='http:\/\/mccicm.uff.br\/wp-content\/uploads\/sites\/79\/2026\/03\/MatrizCurricular_105-03.pdf' class='small-button smallblue' target=\"_blank\">MATRIZ CURRICULAR 105.03<\/a><\/strong><\/p>\n<p>&nbsp;<\/p>\n<p>As Matrizes Curriculares de todos os cursos podem ser consultadas no seguinte link:<\/p>\n<p><a href=\"https:\/\/app.uff.br\/iduff\/consultaMatrizCurricular.uff\">https:\/\/app.uff.br\/iduff\/consultaMatrizCurricular.uff<\/a><\/p>\n<p>Vale ressaltar que o Novo Projeto Pedag\u00f3gico do Curso (PPC), junto com a nova Matriz Curricular, j\u00e1 foi aprovado no Colegiado e o processo j\u00e1 est\u00e1 em andamento e aguardando aprova\u00e7\u00e3o das inst\u00e2ncias superiores. <strong>Em breve a matriz curricular ser\u00e1 atualizada<\/strong>.<\/p>\n","protected":false},"excerpt":{"rendered":"<p>A matriz curricular \u00e9 o instrumento acad\u00eamico que organiza, de forma estruturada e sequencial, os componentes curriculares do curso ao longo dos per\u00edodos letivos. Nela est\u00e3o definidos as disciplinas obrigat\u00f3rias e optativas, a carga hor\u00e1ria, os pr\u00e9-requisitos, as atividades complementares e o Trabalho de Conclus\u00e3o de Curso (TCC), assegurando coer\u00eancia entre os objetivos formativos, as [&hellip;]<\/p>\n","protected":false},"author":106,"featured_media":0,"parent":619,"menu_order":0,"comment_status":"closed","ping_status":"closed","template":"","meta":{"_et_pb_use_builder":"","_et_pb_old_content":"","_et_gb_content_width":"","footnotes":""},"class_list":["post-617","page","type-page","status-publish","hentry"],"_links":{"self":[{"href":"https:\/\/mccicm.uff.br\/index.php?rest_route=\/wp\/v2\/pages\/617","targetHints":{"allow":["GET"]}}],"collection":[{"href":"https:\/\/mccicm.uff.br\/index.php?rest_route=\/wp\/v2\/pages"}],"about":[{"href":"https:\/\/mccicm.uff.br\/index.php?rest_route=\/wp\/v2\/types\/page"}],"author":[{"embeddable":true,"href":"https:\/\/mccicm.uff.br\/index.php?rest_route=\/wp\/v2\/users\/106"}],"replies":[{"embeddable":true,"href":"https:\/\/mccicm.uff.br\/index.php?rest_route=%2Fwp%2Fv2%2Fcomments&post=617"}],"version-history":[{"count":6,"href":"https:\/\/mccicm.uff.br\/index.php?rest_route=\/wp\/v2\/pages\/617\/revisions"}],"predecessor-version":[{"id":861,"href":"https:\/\/mccicm.uff.br\/index.php?rest_route=\/wp\/v2\/pages\/617\/revisions\/861"}],"up":[{"embeddable":true,"href":"https:\/\/mccicm.uff.br\/index.php?rest_route=\/wp\/v2\/pages\/619"}],"wp:attachment":[{"href":"https:\/\/mccicm.uff.br\/index.php?rest_route=%2Fwp%2Fv2%2Fmedia&parent=617"}],"curies":[{"name":"wp","href":"https:\/\/api.w.org\/{rel}","templated":true}]}}