{"id":615,"date":"2026-02-26T21:50:33","date_gmt":"2026-02-27T00:50:33","guid":{"rendered":"https:\/\/mccicm.uff.br\/?page_id=615"},"modified":"2026-02-26T21:50:33","modified_gmt":"2026-02-27T00:50:33","slug":"corpo-docente","status":"publish","type":"page","link":"https:\/\/mccicm.uff.br\/?page_id=615","title":{"rendered":"Corpo Docente"},"content":{"rendered":"<p>O corpo docente do Curso de Ci\u00eancias Cont\u00e1beis de Maca\u00e9 \u00e9 composto pelos seguintes professores:<\/p>\n<p class=\"has-normal-font-size\"><strong>Nome:\u00a0<\/strong>\u00a0\u00c2NGELO M\u00c1RIO DO PRADO PESSANHA<br \/>\n<strong>Lattes:\u00a0<\/strong>\u00a0<a role=\"link\" href=\"http:\/\/lattes.cnpq.br\/5304311030007326\" target=\"_blank\" rel=\"noopener noreferrer\">lattes.cnpq.br\/5304311030007326<\/a><br \/>\n<strong>E-mail:\u00a0<\/strong>amppessanha@id.uff.br<\/p>\n<p class=\"has-normal-font-size\"><strong>Nome:\u00a0<\/strong>\u00a0ERICA JANN VELOZO<br \/>\n<strong>Lattes:\u00a0<\/strong>\u00a0<a role=\"link\" href=\"http:\/\/lattes.cnpq.br\/1280240547405932\" target=\"_blank\" rel=\"noopener noreferrer\">lattes.cnpq.br\/1280240547405932<\/a><br \/>\n<strong>E-mail:\u00a0<\/strong>ericajann@id.uff.br<\/p>\n<p class=\"has-normal-font-size\"><strong>Nome:\u00a0<\/strong>\u00a0FL\u00c1VIO MARCOS SILVA SARANDY<br \/>\n<strong>Lattes:\u00a0<\/strong>\u00a0<a role=\"link\" href=\"http:\/\/lattes.cnpq.br\/1910429224812032\" target=\"_blank\" rel=\"noopener noreferrer\">lattes.cnpq.br\/1910429224812032<\/a><br \/>\n<strong>E-mail:\u00a0<\/strong>flaviosarandy@id.uff.br<\/p>\n<p class=\"has-normal-font-size\"><strong>Nome:\u00a0<\/strong>\u00a0GABRIEL AUGUSTO DE SOUSA<br \/>\n<strong>Lattes:\u00a0<\/strong>\u00a0<a role=\"link\" href=\"http:\/\/lattes.cnpq.br\/0052450712319106\" target=\"_blank\" rel=\"noopener noreferrer\">lattes.cnpq.br\/0052450712319106<\/a><br \/>\n<strong>E-mail:\u00a0<\/strong>gsousa@id.uff.br<\/p>\n<p class=\"has-normal-font-size\"><strong>Nome:\u00a0<\/strong>\u00a0JO\u00c3O ANT\u00d4NIO SALVADOR DE SOUZA<br \/>\n<strong>Lattes:\u00a0<\/strong>\u00a0<a role=\"link\" href=\"http:\/\/lattes.cnpq.br\/1730197826835303\" target=\"_blank\" rel=\"noopener noreferrer\">lattes.cnpq.br\/1730197826835303<\/a><br \/>\n<strong>E-mail:\u00a0<\/strong>joaosalvador@id.uff.br<\/p>\n<p class=\"has-normal-font-size\"><strong>Nome:\u00a0<\/strong>\u00a0J\u00daLIA ALVES E SOUZA<br \/>\n<strong>Lattes:\u00a0<\/strong>\u00a0<a role=\"link\" href=\"http:\/\/lattes.cnpq.br\/6945257852814408\" target=\"_blank\" rel=\"noopener noreferrer\">http:\/\/lattes.cnpq.br\/6945257852814408<\/a><br \/>\n<strong>E-mail:\u00a0<\/strong>julia_alves_souza@id.uff.br<\/p>\n<p class=\"has-normal-font-size\"><strong>Nome:\u00a0<\/strong>\u00a0MAURO SILVA FLORENTINO<br \/>\n<strong>Lattes:\u00a0<\/strong>\u00a0<a role=\"link\" href=\"http:\/\/lattes.cnpq.br\/3059532824516308\" target=\"_blank\" rel=\"noopener noreferrer\">lattes.cnpq.br\/3059532824516308<\/a><br \/>\n<strong>E-mail:\u00a0<\/strong>mflorentino@id.uff.br<\/p>\n<p class=\"has-normal-font-size\"><strong>Nome:\u00a0<\/strong>\u00a0MAYCON PETER DA ROSA<br \/>\n<strong>Lattes:\u00a0<\/strong>\u00a0<a role=\"link\" href=\"http:\/\/lattes.cnpq.br\/6650152478857905\" target=\"_blank\" rel=\"noopener noreferrer\">lattes.cnpq.br\/6650152478857905<\/a><br \/>\n<strong>E-mail:\u00a0<\/strong>mayconpeter@id.uff.br<\/p>\n<p class=\"has-normal-font-size\"><strong>Nome:\u00a0<\/strong> MICHELE MONTEIRO LIRIO MARIA<br \/>\n<strong>Lattes:\u00a0<\/strong>\u00a0<a role=\"link\" href=\"http:\/\/lattes.cnpq.br\/1112281163736734\" target=\"_blank\" rel=\"noopener noreferrer\">lattes.cnpq.br\/1112281163736734<\/a><br \/>\n<strong>E-mail:\u00a0<\/strong>michelem@id.uff.br<\/p>\n<p class=\"has-normal-font-size\"><strong>Nome:<\/strong>\u00a0 MONIQUE DOS SANTOS BARRETO<br \/>\n<strong>Lattes:<\/strong>\u00a0\u00a0<a role=\"link\" href=\"http:\/\/lattes.cnpq.br\/2776916143376035\" target=\"_blank\" rel=\"noopener noreferrer\">lattes.cnpq.br\/9539356175579880<\/a><br \/>\n<strong>E-mail:<\/strong>\u00a0moniquebarreto@id.uff.br<\/p>\n<p class=\"has-normal-font-size\"><strong>Nome:\u00a0<\/strong>\u00a0ROBERTO PIRES SOARES J\u00daNIOR<br \/>\n<strong>Lattes:\u00a0<\/strong>\u00a0<a role=\"link\" href=\"http:\/\/lattes.cnpq.br\/4182281581742591\" target=\"_blank\" rel=\"noopener noreferrer\">lattes.cnpq.br\/4182281581742591<\/a><br \/>\n<strong>E-mail:\u00a0<\/strong>robertopires@id.uff.br<\/p>\n<p class=\"has-normal-font-size\"><strong>Nome:\u00a0<\/strong>\u00a0 VANUZA DA SILVA FIGUEIREDO<br \/>\n<strong>Lattes:\u00a0<\/strong>\u00a0\u00a0<a role=\"link\" href=\"http:\/\/lattes.cnpq.br\/1393866110795441\" target=\"_blank\" rel=\"noopener noreferrer\">lattes.cnpq.br\/1393866110795441<\/a><br \/>\n<strong>E-mail:\u00a0\u00a0<\/strong>vanuzafigueiredo@id.uff.br<\/p>\n","protected":false},"excerpt":{"rendered":"<p>O corpo docente do Curso de Ci\u00eancias Cont\u00e1beis de Maca\u00e9 \u00e9 composto pelos seguintes professores: Nome:\u00a0\u00a0\u00c2NGELO M\u00c1RIO DO PRADO PESSANHA Lattes:\u00a0\u00a0lattes.cnpq.br\/5304311030007326 E-mail:\u00a0amppessanha@id.uff.br Nome:\u00a0\u00a0ERICA JANN VELOZO Lattes:\u00a0\u00a0lattes.cnpq.br\/1280240547405932 E-mail:\u00a0ericajann@id.uff.br Nome:\u00a0\u00a0FL\u00c1VIO MARCOS SILVA SARANDY Lattes:\u00a0\u00a0lattes.cnpq.br\/1910429224812032 E-mail:\u00a0flaviosarandy@id.uff.br Nome:\u00a0\u00a0GABRIEL AUGUSTO DE SOUSA Lattes:\u00a0\u00a0lattes.cnpq.br\/0052450712319106 E-mail:\u00a0gsousa@id.uff.br Nome:\u00a0\u00a0JO\u00c3O ANT\u00d4NIO SALVADOR DE SOUZA Lattes:\u00a0\u00a0lattes.cnpq.br\/1730197826835303 E-mail:\u00a0joaosalvador@id.uff.br Nome:\u00a0\u00a0J\u00daLIA ALVES E SOUZA Lattes:\u00a0\u00a0http:\/\/lattes.cnpq.br\/6945257852814408 E-mail:\u00a0julia_alves_souza@id.uff.br Nome:\u00a0\u00a0MAURO SILVA FLORENTINO [&hellip;]<\/p>\n","protected":false},"author":106,"featured_media":0,"parent":600,"menu_order":0,"comment_status":"closed","ping_status":"closed","template":"","meta":{"_et_pb_use_builder":"","_et_pb_old_content":"","_et_gb_content_width":"","footnotes":""},"class_list":["post-615","page","type-page","status-publish","hentry"],"_links":{"self":[{"href":"https:\/\/mccicm.uff.br\/index.php?rest_route=\/wp\/v2\/pages\/615","targetHints":{"allow":["GET"]}}],"collection":[{"href":"https:\/\/mccicm.uff.br\/index.php?rest_route=\/wp\/v2\/pages"}],"about":[{"href":"https:\/\/mccicm.uff.br\/index.php?rest_route=\/wp\/v2\/types\/page"}],"author":[{"embeddable":true,"href":"https:\/\/mccicm.uff.br\/index.php?rest_route=\/wp\/v2\/users\/106"}],"replies":[{"embeddable":true,"href":"https:\/\/mccicm.uff.br\/index.php?rest_route=%2Fwp%2Fv2%2Fcomments&post=615"}],"version-history":[{"count":1,"href":"https:\/\/mccicm.uff.br\/index.php?rest_route=\/wp\/v2\/pages\/615\/revisions"}],"predecessor-version":[{"id":616,"href":"https:\/\/mccicm.uff.br\/index.php?rest_route=\/wp\/v2\/pages\/615\/revisions\/616"}],"up":[{"embeddable":true,"href":"https:\/\/mccicm.uff.br\/index.php?rest_route=\/wp\/v2\/pages\/600"}],"wp:attachment":[{"href":"https:\/\/mccicm.uff.br\/index.php?rest_route=%2Fwp%2Fv2%2Fmedia&parent=615"}],"curies":[{"name":"wp","href":"https:\/\/api.w.org\/{rel}","templated":true}]}}