{"id":613,"date":"2026-02-26T21:47:56","date_gmt":"2026-02-27T00:47:56","guid":{"rendered":"https:\/\/mccicm.uff.br\/?page_id=613"},"modified":"2026-03-10T18:48:10","modified_gmt":"2026-03-10T21:48:10","slug":"regimento-do-curso","status":"publish","type":"page","link":"https:\/\/mccicm.uff.br\/?page_id=613","title":{"rendered":"Regimento do Curso"},"content":{"rendered":"<h2>Regimento Geral dos Cursos de Gradua\u00e7\u00e3o da UFF<\/h2>\n<p><!--StartFragment --><\/p>\n<p>O <strong>Regulamento dos Cursos de Gradua\u00e7\u00e3o da Universidade Federal Fluminense (UFF)<\/strong>, aprovado pela Resolu\u00e7\u00e3o CEP n\u00ba 001\/2015, \u00e9 o documento que organiza e orienta toda a vida acad\u00eamica dos estudantes de gradua\u00e7\u00e3o da institui\u00e7\u00e3o. Ele estabelece normas sobre cria\u00e7\u00e3o de cursos, funcionamento das disciplinas, formas de ingresso, matr\u00edcula, avalia\u00e7\u00f5es, mobilidade acad\u00eamica, aproveitamento de estudos e emiss\u00e3o de documentos acad\u00eamicos.<\/p>\n<p>Esse regulamento funciona como um guia essencial para estudantes, docentes, coordena\u00e7\u00f5es e departamentos, garantindo transpar\u00eancia, padroniza\u00e7\u00e3o e seguran\u00e7a acad\u00eamica em todos os processos que envolvem a forma\u00e7\u00e3o de gradua\u00e7\u00e3o na UFF.<\/p>\n<h3><strong>Base Normativa<\/strong><\/h3>\n<p>Regulamento dos Cursos de Gradua\u00e7\u00e3o da UFF:<\/p>\n<a href='http:\/\/mccicm.uff.br\/wp-content\/uploads\/sites\/79\/2026\/03\/14.-Regulamento-dos-cursos-de-Graduacao.pdf' class='big-button bigblue' target=\"_blank\">Resolu\u00e7\u00e3o No. 001\/2015<\/a>\n<p><!--EndFragment --><\/p>\n","protected":false},"excerpt":{"rendered":"<p>Regimento Geral dos Cursos de Gradua\u00e7\u00e3o da UFF O Regulamento dos Cursos de Gradua\u00e7\u00e3o da Universidade Federal Fluminense (UFF), aprovado pela Resolu\u00e7\u00e3o CEP n\u00ba 001\/2015, \u00e9 o documento que organiza e orienta toda a vida acad\u00eamica dos estudantes de gradua\u00e7\u00e3o da institui\u00e7\u00e3o. Ele estabelece normas sobre cria\u00e7\u00e3o de cursos, funcionamento das disciplinas, formas de ingresso, [&hellip;]<\/p>\n","protected":false},"author":106,"featured_media":0,"parent":600,"menu_order":0,"comment_status":"closed","ping_status":"closed","template":"","meta":{"_et_pb_use_builder":"","_et_pb_old_content":"","_et_gb_content_width":"","footnotes":""},"class_list":["post-613","page","type-page","status-publish","hentry"],"_links":{"self":[{"href":"https:\/\/mccicm.uff.br\/index.php?rest_route=\/wp\/v2\/pages\/613","targetHints":{"allow":["GET"]}}],"collection":[{"href":"https:\/\/mccicm.uff.br\/index.php?rest_route=\/wp\/v2\/pages"}],"about":[{"href":"https:\/\/mccicm.uff.br\/index.php?rest_route=\/wp\/v2\/types\/page"}],"author":[{"embeddable":true,"href":"https:\/\/mccicm.uff.br\/index.php?rest_route=\/wp\/v2\/users\/106"}],"replies":[{"embeddable":true,"href":"https:\/\/mccicm.uff.br\/index.php?rest_route=%2Fwp%2Fv2%2Fcomments&post=613"}],"version-history":[{"count":4,"href":"https:\/\/mccicm.uff.br\/index.php?rest_route=\/wp\/v2\/pages\/613\/revisions"}],"predecessor-version":[{"id":929,"href":"https:\/\/mccicm.uff.br\/index.php?rest_route=\/wp\/v2\/pages\/613\/revisions\/929"}],"up":[{"embeddable":true,"href":"https:\/\/mccicm.uff.br\/index.php?rest_route=\/wp\/v2\/pages\/600"}],"wp:attachment":[{"href":"https:\/\/mccicm.uff.br\/index.php?rest_route=%2Fwp%2Fv2%2Fmedia&parent=613"}],"curies":[{"name":"wp","href":"https:\/\/api.w.org\/{rel}","templated":true}]}}