{"id":600,"date":"2026-02-26T21:40:51","date_gmt":"2026-02-27T00:40:51","guid":{"rendered":"https:\/\/mccicm.uff.br\/?page_id=600"},"modified":"2026-03-03T20:34:44","modified_gmt":"2026-03-03T23:34:44","slug":"institucional","status":"publish","type":"page","link":"https:\/\/mccicm.uff.br\/?page_id=600","title":{"rendered":"INSTITUCIONAL"},"content":{"rendered":"<p data-start=\"429\" data-end=\"709\">O Curso de Ci\u00eancias Cont\u00e1beis de Maca\u00e9 integra o Instituto de Ci\u00eancias da Sociedade (ICM) da Universidade Federal Fluminense e est\u00e1 estruturado a partir de princ\u00edpios de qualidade acad\u00eamica, gest\u00e3o democr\u00e1tica e compromisso com a forma\u00e7\u00e3o \u00e9tica e t\u00e9cnica do profissional cont\u00e1bil.<\/p>\n<p data-start=\"711\" data-end=\"1080\">A organiza\u00e7\u00e3o do curso fundamenta-se em normas institucionais e diretrizes acad\u00eamicas que asseguram coer\u00eancia pedag\u00f3gica, transpar\u00eancia administrativa e atualiza\u00e7\u00e3o permanente do processo formativo. Sua estrutura de governan\u00e7a \u00e9 composta por inst\u00e2ncias colegiadas e n\u00facleos acad\u00eamicos respons\u00e1veis pelo planejamento, acompanhamento e avalia\u00e7\u00e3o das atividades de ensino.<\/p>\n<p data-start=\"1082\" data-end=\"1195\">Nesta se\u00e7\u00e3o, encontram-se os principais documentos e inst\u00e2ncias que orientam o funcionamento do curso, incluindo:<\/p>\n<ul data-start=\"1197\" data-end=\"1684\">\n<li data-start=\"1197\" data-end=\"1313\">\n<p data-start=\"1199\" data-end=\"1313\">Projeto Pedag\u00f3gico do Curso (PPC), que define a concep\u00e7\u00e3o formativa, a estrutura curricular e o perfil do egresso;<\/p>\n<\/li>\n<li data-start=\"1314\" data-end=\"1379\">\n<p data-start=\"1316\" data-end=\"1379\">Regimento do Curso, que disciplina seu funcionamento acad\u00eamico;<\/p>\n<\/li>\n<li data-start=\"1380\" data-end=\"1461\">\n<p data-start=\"1382\" data-end=\"1461\">Colegiado do Curso, \u00f3rg\u00e3o deliberativo respons\u00e1vel pelas diretrizes acad\u00eamicas;<\/p>\n<\/li>\n<li data-start=\"1462\" data-end=\"1563\">\n<p data-start=\"1464\" data-end=\"1563\">N\u00facleo Docente Estruturante (NDE), inst\u00e2ncia de acompanhamento e atualiza\u00e7\u00e3o do projeto pedag\u00f3gico;<\/p>\n<\/li>\n<li data-start=\"1564\" data-end=\"1612\">\n<p data-start=\"1566\" data-end=\"1612\">Diret\u00f3rio Acad\u00eamico, representa\u00e7\u00e3o estudantil;<\/p>\n<\/li>\n<li data-start=\"1613\" data-end=\"1684\">\n<p data-start=\"1615\" data-end=\"1684\">Atas das reuni\u00f5es, que asseguram publicidade e registro das decis\u00f5es.<\/p>\n<\/li>\n<\/ul>\n<p data-start=\"1686\" data-end=\"1902\">A disponibiliza\u00e7\u00e3o dessas informa\u00e7\u00f5es reafirma o compromisso do curso com a transpar\u00eancia, a participa\u00e7\u00e3o institucional e a consolida\u00e7\u00e3o de uma forma\u00e7\u00e3o acad\u00eamica alinhada \u00e0s normas da UFF e \u00e0s demandas da sociedade.<\/p>\n","protected":false},"excerpt":{"rendered":"<p>O Curso de Ci\u00eancias Cont\u00e1beis de Maca\u00e9 integra o Instituto de Ci\u00eancias da Sociedade (ICM) da Universidade Federal Fluminense e est\u00e1 estruturado a partir de princ\u00edpios de qualidade acad\u00eamica, gest\u00e3o democr\u00e1tica e compromisso com a forma\u00e7\u00e3o \u00e9tica e t\u00e9cnica do profissional cont\u00e1bil. A organiza\u00e7\u00e3o do curso fundamenta-se em normas institucionais e diretrizes acad\u00eamicas que asseguram [&hellip;]<\/p>\n","protected":false},"author":106,"featured_media":0,"parent":0,"menu_order":0,"comment_status":"closed","ping_status":"closed","template":"","meta":{"_et_pb_use_builder":"","_et_pb_old_content":"","_et_gb_content_width":"","footnotes":""},"class_list":["post-600","page","type-page","status-publish","hentry"],"_links":{"self":[{"href":"https:\/\/mccicm.uff.br\/index.php?rest_route=\/wp\/v2\/pages\/600","targetHints":{"allow":["GET"]}}],"collection":[{"href":"https:\/\/mccicm.uff.br\/index.php?rest_route=\/wp\/v2\/pages"}],"about":[{"href":"https:\/\/mccicm.uff.br\/index.php?rest_route=\/wp\/v2\/types\/page"}],"author":[{"embeddable":true,"href":"https:\/\/mccicm.uff.br\/index.php?rest_route=\/wp\/v2\/users\/106"}],"replies":[{"embeddable":true,"href":"https:\/\/mccicm.uff.br\/index.php?rest_route=%2Fwp%2Fv2%2Fcomments&post=600"}],"version-history":[{"count":2,"href":"https:\/\/mccicm.uff.br\/index.php?rest_route=\/wp\/v2\/pages\/600\/revisions"}],"predecessor-version":[{"id":849,"href":"https:\/\/mccicm.uff.br\/index.php?rest_route=\/wp\/v2\/pages\/600\/revisions\/849"}],"wp:attachment":[{"href":"https:\/\/mccicm.uff.br\/index.php?rest_route=%2Fwp%2Fv2%2Fmedia&parent=600"}],"curies":[{"name":"wp","href":"https:\/\/api.w.org\/{rel}","templated":true}]}}