{"id":580,"date":"2025-07-22T09:40:28","date_gmt":"2025-07-22T12:40:28","guid":{"rendered":"https:\/\/mccicm.uff.br\/?page_id=580"},"modified":"2026-02-26T22:18:48","modified_gmt":"2026-02-27T01:18:48","slug":"perfil-do-curso","status":"publish","type":"page","link":"https:\/\/mccicm.uff.br\/?page_id=580","title":{"rendered":"Perfil do curso"},"content":{"rendered":"<p>BREVE HIST\u00d3RICO DA IMPLANTA\u00c7\u00c3O DO CURSO<\/p>\n<p>&nbsp;<\/p>\n<p>O curso de Gradua\u00e7\u00e3o em Ci\u00eancias Cont\u00e1beis em Maca\u00e9 encontra-se estabelecido desde 1992\/1993, inicialmente apoiado pelo curso de Niter\u00f3i, atrav\u00e9s de Conv\u00eanio assinado pela Universidade Federal Fluminense e a Prefeitura Municipal de Maca\u00e9 e sua interveniente Funda\u00e7\u00e3o Educacional de Maca\u00e9 (FUNEMAC). Este conv\u00eanio foi renovado em substitui\u00e7\u00e3o ao antigo, passando a vigorar a partir de mar\u00e7o de 2012.<\/p>\n<p>Em mar\u00e7o de 2013, a Pr\u00f3-Reitoria de Gradua\u00e7\u00e3o (PROGRAD\/UFF) separou as grades curriculares do Curso de Ci\u00eancias Cont\u00e1beis de Niter\u00f3i, criando o curr\u00edculo pr\u00f3prio do departamento em Maca\u00e9 (MAC) com seu projeto pedag\u00f3gico independente. Em 15 de maio de 2013, foi criada a Unidade Ensino da UFF em Maca\u00e9, denominada INSTITUTO DE CI\u00caNCIAS DA SOCIEDADE DE MACA\u00c9 (ICM), tendo sido homologado por vota\u00e7\u00e3o e decis\u00e3o do Conselho Universit\u00e1rio ? CUV, em 18 de dezembro de 2013. Momento no qual os dois outros cursos que compunham o antigo departamento (Direto e Administra\u00e7\u00e3o) foram administrativamente dissociados do curso de Ci\u00eancias Cont\u00e1beis, passando este a ser denominado MCC.<\/p>\n<p>Desde a cria\u00e7\u00e3o do curso de Ci\u00eancias Cont\u00e1beis da Universidade Federal Fluminense por meio da Resolu\u00e7\u00e3o do Conselho de Ensino e Pesquisa n\u00ba 25, de 28 de mar\u00e7o de 1984, reconhecido pelo Decreto Federal n. 2.347 de 04 de dezembro de 1991, o curso de Ci\u00eancias Cont\u00e1beis orienta-se por princ\u00edpios de autonomia, flexibilidade, capacidade de an\u00e1lise e iniciativa, sendo concebidos respeitando os valores human\u00edsticos e \u00e9ticos, acentuando o aprendizado cr\u00edtico, participativo e criativo.<\/p>\n<p>&nbsp;<\/p>\n<p>JUSTIFICATIVAS EDUCACIONAIS, SOCIOECON\u00d4MICAS E REGIONAIS<\/p>\n<p>Desde a d\u00e9cada de 1970, quando a Petrobras escolheu o munic\u00edpio de Maca\u00e9 como base operacional da Bacia de Campos, a cidade deu um salto de crescimento. Mais de quatro mil empresas se instalaram no munic\u00edpio e a popula\u00e7\u00e3o foi multiplicada por tr\u00eas. Segundo o IBGE, a estimativa populacional em 2022 era de 246.391 habitantes. O munic\u00edpio tem a maior taxa de cria\u00e7\u00e3o de novos postos de trabalho do interior do estado, de acordo com pesquisa feita pela Federa\u00e7\u00e3o das Ind\u00fastrias do Rio de Janeiro (FIRJAN): 13,2% ao ano. Sua economia expandiu-se em mais de 600% desde 1997. O munic\u00edpio atrai empresas de todo o Brasil e tamb\u00e9m organiza\u00e7\u00f5es internacionais. Pesquisa feita pelo Instituto de Pesquisas Econ\u00f4micas Aplicadas (IPEA) apontou a cidade como a que mais se desenvolveu na \u00faltima d\u00e9cada no eixo Rio de Janeiro e S\u00e3o Paulo. Em 2013, a Funda\u00e7\u00e3o Get\u00falio Vargas apontou Maca\u00e9 como a segunda melhor cidade brasileira para se trabalhar. Al\u00e9m disso, Maca\u00e9 sedia a feira internacional do setor petrol\u00edfero, Brasil Offshore, que re\u00fane anualmente mais de 500 empresas de diferentes pa\u00edses.<\/p>\n<p>&nbsp;<\/p>\n<p>O crescimento de Maca\u00e9, impulsionado por este cen\u00e1rio econ\u00f4mico, vem atraindo um n\u00famero consider\u00e1vel de pessoas, que para serem absorvidas pelo mercado de trabalho, necessitam de qualifica\u00e7\u00e3o profissional voltada para as demandas t\u00e9cnicas exigidas pelas atividades cient\u00edficas e tecnol\u00f3gicas deste cen\u00e1rio. Ressalta-se, que a cadeia produtiva de petr\u00f3leo e g\u00e1s \u00e9 formada por uma grande quantidade de organiza\u00e7\u00f5es que demandam n\u00e3o apenas profissionais para atuar nas suas \u00e1reas t\u00e9cnicas, mas tamb\u00e9m no controle gerencial das organiza\u00e7\u00f5es, exercendo as mais diversas fun\u00e7\u00f5es necess\u00e1rias a uma administra\u00e7\u00e3o eficiente.<\/p>\n<p>Neste sentido, para atender a necessidade de formar m\u00e3o de obra qualificada e capacitada, a UFF fixou o curso de gradua\u00e7\u00e3o em Ci\u00eancias Cont\u00e1beis, encerrando o modelo de extens\u00e3o de turmas, que inicialmente encontrava-se vinculado ao curso de Niter\u00f3i, instituindo em car\u00e1ter definitivo e permanente o curso em Maca\u00e9.<\/p>\n<p>Atualmente s\u00e3o ofertas 50 (cinquenta) vagas anuais, viabilizando o acesso \u00e0 qualifica\u00e7\u00e3o profissional e a consequente melhoria das condi\u00e7\u00f5es socioecon\u00f4micas da popula\u00e7\u00e3o regional, entendendo que o Norte-Fluminense apresenta historicamente IDH inferior \u00e0 capital do estado, al\u00e9m da concentra\u00e7\u00e3o de renda em setores espec\u00edficos de dif\u00edcil acesso \u00e0 popula\u00e7\u00e3o, que possui apenas a forma\u00e7\u00e3o b\u00e1sica. O curso de Ci\u00eancias Cont\u00e1beis da UFF, em Maca\u00e9, garante a expans\u00e3o da oferta de ensino superior de qualidade, atendendo \u00e0 necessidade de democratizar a Universidade e compor novos saberes, alinhados \u00e0 intensifica\u00e7\u00e3o da pol\u00edtica de interioriza\u00e7\u00e3o da UFF.<\/p>\n<p>Portanto, o curso busca atender aos preceitos da Universalidade e do ensino aberto e democr\u00e1tico, que contempla os diversos interesses manifestados por aqueles que aspiram ingressar na universidade p\u00fablica, em especial atendendo \u00e0s demandas socioecon\u00f4micas de Maca\u00e9 e dos munic\u00edpios circunvizinhos: Quissam\u00e3, Carapebus, Concei\u00e7\u00e3o de Macabu, ao Norte; Rio das Ostras e Casimiro de Abreu, ao Sul; Trajano de Moraes e Nova Friburgo, a Oeste; e com o Oceano Atl\u00e2ntico, a Leste. Maca\u00e9, juntamente com esses demais munic\u00edpios \u00e9 a \u00e1rea de influ\u00eancia dos cursos executados pela Universidade Federal Fluminense.<\/p>\n","protected":false},"excerpt":{"rendered":"<p>BREVE HIST\u00d3RICO DA IMPLANTA\u00c7\u00c3O DO CURSO &nbsp; O curso de Gradua\u00e7\u00e3o em Ci\u00eancias Cont\u00e1beis em Maca\u00e9 encontra-se estabelecido desde 1992\/1993, inicialmente apoiado pelo curso de Niter\u00f3i, atrav\u00e9s de Conv\u00eanio assinado pela Universidade Federal Fluminense e a Prefeitura Municipal de Maca\u00e9 e sua interveniente Funda\u00e7\u00e3o Educacional de Maca\u00e9 (FUNEMAC). Este conv\u00eanio foi renovado em substitui\u00e7\u00e3o ao [&hellip;]<\/p>\n","protected":false},"author":106,"featured_media":0,"parent":596,"menu_order":0,"comment_status":"closed","ping_status":"closed","template":"","meta":{"_et_pb_use_builder":"","_et_pb_old_content":"","_et_gb_content_width":"","footnotes":""},"class_list":["post-580","page","type-page","status-publish","hentry"],"_links":{"self":[{"href":"https:\/\/mccicm.uff.br\/index.php?rest_route=\/wp\/v2\/pages\/580","targetHints":{"allow":["GET"]}}],"collection":[{"href":"https:\/\/mccicm.uff.br\/index.php?rest_route=\/wp\/v2\/pages"}],"about":[{"href":"https:\/\/mccicm.uff.br\/index.php?rest_route=\/wp\/v2\/types\/page"}],"author":[{"embeddable":true,"href":"https:\/\/mccicm.uff.br\/index.php?rest_route=\/wp\/v2\/users\/106"}],"replies":[{"embeddable":true,"href":"https:\/\/mccicm.uff.br\/index.php?rest_route=%2Fwp%2Fv2%2Fcomments&post=580"}],"version-history":[{"count":1,"href":"https:\/\/mccicm.uff.br\/index.php?rest_route=\/wp\/v2\/pages\/580\/revisions"}],"predecessor-version":[{"id":581,"href":"https:\/\/mccicm.uff.br\/index.php?rest_route=\/wp\/v2\/pages\/580\/revisions\/581"}],"up":[{"embeddable":true,"href":"https:\/\/mccicm.uff.br\/index.php?rest_route=\/wp\/v2\/pages\/596"}],"wp:attachment":[{"href":"https:\/\/mccicm.uff.br\/index.php?rest_route=%2Fwp%2Fv2%2Fmedia&parent=580"}],"curies":[{"name":"wp","href":"https:\/\/api.w.org\/{rel}","templated":true}]}}