{"id":487,"date":"2026-02-26T22:23:42","date_gmt":"2026-02-27T01:23:42","guid":{"rendered":"https:\/\/mccicm.uff.br\/?page_id=487"},"modified":"2026-03-06T13:08:35","modified_gmt":"2026-03-06T16:08:35","slug":"calendario-de-apresentacao-de-trabalhos-de-fim-de-curso","status":"publish","type":"page","link":"https:\/\/mccicm.uff.br\/?page_id=487","title":{"rendered":"Calend\u00e1rio de defesas de TCC"},"content":{"rendered":"<p>No momento n\u00e3o h\u00e1 previs\u00e3o de defesas.<\/p>\n<p>O calend\u00e1rio ser\u00e1 atualizado em momento oportuno.<\/p>\n","protected":false},"excerpt":{"rendered":"<p>No momento n\u00e3o h\u00e1 previs\u00e3o de defesas. O calend\u00e1rio ser\u00e1 atualizado em momento oportuno.<\/p>\n","protected":false},"author":106,"featured_media":0,"parent":248,"menu_order":0,"comment_status":"closed","ping_status":"closed","template":"","meta":{"_et_pb_use_builder":"","_et_pb_old_content":"","_et_gb_content_width":"","footnotes":""},"class_list":["post-487","page","type-page","status-publish","hentry"],"_links":{"self":[{"href":"https:\/\/mccicm.uff.br\/index.php?rest_route=\/wp\/v2\/pages\/487","targetHints":{"allow":["GET"]}}],"collection":[{"href":"https:\/\/mccicm.uff.br\/index.php?rest_route=\/wp\/v2\/pages"}],"about":[{"href":"https:\/\/mccicm.uff.br\/index.php?rest_route=\/wp\/v2\/types\/page"}],"author":[{"embeddable":true,"href":"https:\/\/mccicm.uff.br\/index.php?rest_route=\/wp\/v2\/users\/106"}],"replies":[{"embeddable":true,"href":"https:\/\/mccicm.uff.br\/index.php?rest_route=%2Fwp%2Fv2%2Fcomments&post=487"}],"version-history":[{"count":4,"href":"https:\/\/mccicm.uff.br\/index.php?rest_route=\/wp\/v2\/pages\/487\/revisions"}],"predecessor-version":[{"id":900,"href":"https:\/\/mccicm.uff.br\/index.php?rest_route=\/wp\/v2\/pages\/487\/revisions\/900"}],"up":[{"embeddable":true,"href":"https:\/\/mccicm.uff.br\/index.php?rest_route=\/wp\/v2\/pages\/248"}],"wp:attachment":[{"href":"https:\/\/mccicm.uff.br\/index.php?rest_route=%2Fwp%2Fv2%2Fmedia&parent=487"}],"curies":[{"name":"wp","href":"https:\/\/api.w.org\/{rel}","templated":true}]}}