{"id":269,"date":"2024-09-18T15:03:50","date_gmt":"2024-09-18T18:03:50","guid":{"rendered":"https:\/\/mccicm.uff.br\/?page_id=269"},"modified":"2026-03-02T13:37:19","modified_gmt":"2026-03-02T16:37:19","slug":"regulamento-de-quebra-de-pre-requisito","status":"publish","type":"page","link":"https:\/\/mccicm.uff.br\/?page_id=269","title":{"rendered":"Quebra de pr\u00e9-requisito"},"content":{"rendered":"\r\n<p><!--StartFragment --><\/p>\r\n<p>A quebra de pr\u00e9\u2011requisito \u00e9 um procedimento excepcional destinado apenas a estudantes prov\u00e1veis formandos que necessitam cursar uma disciplina sem ter conclu\u00eddo o pr\u00e9\u2011requisito formal regulamentado pela RESOLU\u00c7\u00c3O ICM\/UFF No. 04 de 16 de Maio de 2024.<\/p>\r\n<h3><strong>Quem pode solicitar<\/strong><\/h3>\r\n<ul>\r\n<li>Estudantes que j\u00e1 tenham cumprido <strong>80% da carga hor\u00e1ria total do curso<\/strong>.<\/li>\r\n<li>Estudantes <strong>matriculados em Orienta\u00e7\u00e3o de Trabalho de Fim de Curso<\/strong> no momento da solicita\u00e7\u00e3o.<\/li>\r\n<\/ul>\r\n<h3><strong>Como solicitar<\/strong><\/h3>\r\n<ul>\r\n<li>Preencher o formul\u00e1rio oficial dispon\u00edvel no ANEXO I da Resolu\u00e7\u00e3o.<\/li>\r\n<li>Enviar o formul\u00e1rio e o hist\u00f3rico escolar para o e\u2011mail da Coordena\u00e7\u00e3o: <strong>mcc.icm@id.uff.br<\/strong><\/li>\r\n<li>Assunto obrigat\u00f3rio: <strong>Quebra de Pr\u00e9\u2011requisito<\/strong><\/li>\r\n<li>O pedido deve ser enviado <strong>dentro do prazo previsto no calend\u00e1rio acad\u00eamico da UFF<\/strong>.<\/li>\r\n<\/ul>\r\n<h3><strong>An\u00e1lise do pedido<\/strong><\/h3>\r\n<ul>\r\n<li>A avalia\u00e7\u00e3o \u00e9 realizada pelo Colegiado do Curso.<\/li>\r\n<li>A aprova\u00e7\u00e3o n\u00e3o \u00e9 autom\u00e1tica e depende dos crit\u00e9rios definidos na Resolu\u00e7\u00e3o.<\/li>\r\n<li>Solicita\u00e7\u00f5es fora dos crit\u00e9rios ou fora do prazo s\u00e3o indeferidas.<\/li>\r\n<\/ul>\r\n<h3><strong>Base normativa<\/strong><\/h3>\r\n\r\n\r\n\r\n\r\n\r\n<p><strong>\ud83d\udcccResolu\u00e7\u00e3o que Regulamenta a Quebra de Pr\u00e9-Requisito:<\/strong><\/p>\r\n<a href='http:\/\/mccicm.uff.br\/wp-content\/uploads\/sites\/79\/2024\/09\/RESOLUCAO-QUEBRA-DE-PRE-REQUISITO-1-2.pdf' class='small-button smallblue'>RESOLU\u00c7\u00c3O ICM\/UFF No. 04, de 16 de Maio de 2024<\/a>\r\n<p>&nbsp;<\/p>\r\n<h4><strong>CONTATO:<\/strong><\/h4>\r\n<p><strong>E-mail da Coordena\u00e7\u00e3o:<\/strong>\u00a0<a href=\"mcc.icm@id.uff.br\">mcc.icm@id.uff.br<\/a><\/p>\r\n<p>&nbsp;<\/p>\r\n","protected":false},"excerpt":{"rendered":"<p>A quebra de pr\u00e9\u2011requisito \u00e9 um procedimento excepcional destinado apenas a estudantes prov\u00e1veis formandos que necessitam cursar uma disciplina sem ter conclu\u00eddo o pr\u00e9\u2011requisito formal regulamentado pela RESOLU\u00c7\u00c3O ICM\/UFF No. 04 de 16 de Maio de 2024. Quem pode solicitar Estudantes que j\u00e1 tenham cumprido 80% da carga hor\u00e1ria total do curso. Estudantes matriculados em [&hellip;]<\/p>\n","protected":false},"author":106,"featured_media":0,"parent":619,"menu_order":0,"comment_status":"closed","ping_status":"closed","template":"","meta":{"_et_pb_use_builder":"","_et_pb_old_content":"","_et_gb_content_width":"","footnotes":""},"class_list":["post-269","page","type-page","status-publish","hentry"],"_links":{"self":[{"href":"https:\/\/mccicm.uff.br\/index.php?rest_route=\/wp\/v2\/pages\/269","targetHints":{"allow":["GET"]}}],"collection":[{"href":"https:\/\/mccicm.uff.br\/index.php?rest_route=\/wp\/v2\/pages"}],"about":[{"href":"https:\/\/mccicm.uff.br\/index.php?rest_route=\/wp\/v2\/types\/page"}],"author":[{"embeddable":true,"href":"https:\/\/mccicm.uff.br\/index.php?rest_route=\/wp\/v2\/users\/106"}],"replies":[{"embeddable":true,"href":"https:\/\/mccicm.uff.br\/index.php?rest_route=%2Fwp%2Fv2%2Fcomments&post=269"}],"version-history":[{"count":7,"href":"https:\/\/mccicm.uff.br\/index.php?rest_route=\/wp\/v2\/pages\/269\/revisions"}],"predecessor-version":[{"id":765,"href":"https:\/\/mccicm.uff.br\/index.php?rest_route=\/wp\/v2\/pages\/269\/revisions\/765"}],"up":[{"embeddable":true,"href":"https:\/\/mccicm.uff.br\/index.php?rest_route=\/wp\/v2\/pages\/619"}],"wp:attachment":[{"href":"https:\/\/mccicm.uff.br\/index.php?rest_route=%2Fwp%2Fv2%2Fmedia&parent=269"}],"curies":[{"name":"wp","href":"https:\/\/api.w.org\/{rel}","templated":true}]}}