{"id":266,"date":"2024-09-18T14:55:56","date_gmt":"2024-09-18T17:55:56","guid":{"rendered":"https:\/\/mccicm.uff.br\/?page_id=266"},"modified":"2026-02-26T22:33:21","modified_gmt":"2026-02-27T01:33:21","slug":"regras-para-jubilamento-e-rematricula","status":"publish","type":"page","link":"https:\/\/mccicm.uff.br\/?page_id=266","title":{"rendered":"Regras para \u201cjubilamento\u201d e Rematr\u00edcula"},"content":{"rendered":"\r\n<h1 class=\"wp-block-heading\">\u00a0<\/h1>\r\n\r\n\r\n\r\n<p>Conforme o\u00a0<a href=\"http:\/\/mccicm.uff.br\/wp-content\/uploads\/sites\/79\/2024\/09\/001-2015_regulamento_do_curso_de_graduacao_0-1.pdf\" target=\"_blank\" rel=\"noreferrer noopener\">Regulamento dos Cursos de Gradua\u00e7\u00e3o<\/a>, em seus Art. 60, Art. 63 e\u00a0Art. 102, o aluno pode ter sua matr\u00edcula cancelada nos seguintes casos:<\/p>\r\n\r\n\r\n\r\n<ul class=\"wp-block-list\">\r\n<li>N\u00e3o integraliza\u00e7\u00e3o da carga hor\u00e1ria necess\u00e1ria \u00e0 conclus\u00e3o do curso no prazo m\u00e1ximo previsto (no nosso curso, s\u00e3o 15 semestres);<\/li>\r\n\r\n\r\n\r\n<li>Abandono de curso: n\u00e3o inscri\u00e7\u00e3o do aluno em disciplinas, ap\u00f3s esgotados os quatro per\u00edodos de trancamento permitidos pelo regulamento dos cursos de gradua\u00e7\u00e3o;<\/li>\r\n\r\n\r\n\r\n<li>N\u00e3o inscri\u00e7\u00e3o do ingressante em disciplinas no per\u00edodo letivo de seu ingresso na UFF;<\/li>\r\n\r\n\r\n\r\n<li>Solicita\u00e7\u00e3o oficial por iniciativa do pr\u00f3prio discente;<\/li>\r\n\r\n\r\n\r\n<li>Motivos disciplinares, nos casos previstos pelo Estatuto e Regimento Geral da UFF;<\/li>\r\n\r\n\r\n\r\n<li>Insufici\u00eancia de aproveitamento escolar, que pode se dar caso o aluno:\r\n<ul class=\"wp-block-list\">\r\n<li>For reprovado em todas as disciplinas em que se inscreveu em 3 (tr\u00eas) per\u00edodos letivos, consecutivos ou n\u00e3o;\u00a0<\/li>\r\n\r\n\r\n\r\n<li>N\u00e3o tiver cursado 50 % (cinquenta por cento) da carga hor\u00e1ria total do curso em 10 per\u00edodos;<\/li>\r\n\r\n\r\n\r\n<li>For reprovado em uma mesma disciplina por 4 (quatro) vezes, consecutivas ou n\u00e3o;\u00a0<\/li>\r\n\r\n\r\n\r\n<li>For reprovado por frequ\u00eancia em todas as disciplinas nas quais se inscreveu no per\u00edodo de seu ingresso;\u00a0<\/li>\r\n\r\n\r\n\r\n<li>For reprovado por nota final em todas as disciplinas nas quais se inscreveu no per\u00edodo de seu ingresso, exceto se tiver obtido nota final igual ou superior a 4,0 (quatro) e tiver frequ\u00eancia suficiente, simultaneamente, em pelo menos uma disciplina.<\/li>\r\n<\/ul>\r\n<\/li>\r\n<\/ul>\r\n","protected":false},"excerpt":{"rendered":"<p>\u00a0 Conforme o\u00a0Regulamento dos Cursos de Gradua\u00e7\u00e3o, em seus Art. 60, Art. 63 e\u00a0Art. 102, o aluno pode ter sua matr\u00edcula cancelada nos seguintes casos:<\/p>\n","protected":false},"author":106,"featured_media":0,"parent":613,"menu_order":0,"comment_status":"closed","ping_status":"closed","template":"","meta":{"_et_pb_use_builder":"off","_et_pb_old_content":"","_et_gb_content_width":"","footnotes":""},"class_list":["post-266","page","type-page","status-publish","hentry"],"_links":{"self":[{"href":"https:\/\/mccicm.uff.br\/index.php?rest_route=\/wp\/v2\/pages\/266","targetHints":{"allow":["GET"]}}],"collection":[{"href":"https:\/\/mccicm.uff.br\/index.php?rest_route=\/wp\/v2\/pages"}],"about":[{"href":"https:\/\/mccicm.uff.br\/index.php?rest_route=\/wp\/v2\/types\/page"}],"author":[{"embeddable":true,"href":"https:\/\/mccicm.uff.br\/index.php?rest_route=\/wp\/v2\/users\/106"}],"replies":[{"embeddable":true,"href":"https:\/\/mccicm.uff.br\/index.php?rest_route=%2Fwp%2Fv2%2Fcomments&post=266"}],"version-history":[{"count":2,"href":"https:\/\/mccicm.uff.br\/index.php?rest_route=\/wp\/v2\/pages\/266\/revisions"}],"predecessor-version":[{"id":641,"href":"https:\/\/mccicm.uff.br\/index.php?rest_route=\/wp\/v2\/pages\/266\/revisions\/641"}],"up":[{"embeddable":true,"href":"https:\/\/mccicm.uff.br\/index.php?rest_route=\/wp\/v2\/pages\/613"}],"wp:attachment":[{"href":"https:\/\/mccicm.uff.br\/index.php?rest_route=%2Fwp%2Fv2%2Fmedia&parent=266"}],"curies":[{"name":"wp","href":"https:\/\/api.w.org\/{rel}","templated":true}]}}