{"id":140,"date":"2024-09-18T09:22:14","date_gmt":"2024-09-18T12:22:14","guid":{"rendered":"https:\/\/mccicm.uff.br\/?page_id=140"},"modified":"2026-02-26T22:39:34","modified_gmt":"2026-02-27T01:39:34","slug":"educacao-tutorial-pet-propet","status":"publish","type":"page","link":"https:\/\/mccicm.uff.br\/?page_id=140","title":{"rendered":"Educa\u00e7\u00e3o tutorial \u2013 PET \u2013 ProPet"},"content":{"rendered":"\r\n<p>De acordo com o site da UFF, os Programas de Educa\u00e7\u00e3o Tutorial \u2013 PET\/MEC e ProPET UFF propiciam aos graduandos, sempre orientados por um professor tutor, condi\u00e7\u00f5es para a realiza\u00e7\u00e3o de atividades extracurriculares de ensino, pesquisa e extens\u00e3o que complementem sua forma\u00e7\u00e3o acad\u00eamica.PET SESu\/MEC<\/p>\r\n\r\n\r\n\r\n<p>O Programa de Educa\u00e7\u00e3o Tutorial (PET) ligado \u00e0 Secretaria de Educa\u00e7\u00e3o Superior do Minist\u00e9rio da Educa\u00e7\u00e3o (SESu\/ MEC) foi criado para apoiar atividades acad\u00eamicas que integram ensino, pesquisa e extens\u00e3o nas IES brasileiras.<\/p>\r\n\r\n\r\n\r\n<p>Atualmente, o PET SESu\/MEC na UFF tem onze grupos localizados em Niter\u00f3i, Nova Friburgo, Rio das Ostras e Volta Redonda.<\/p>\r\n\r\n\r\n\r\n<h4 class=\"wp-block-heading\">ProPET<\/h4>\r\n\r\n\r\n\r\n<p>O ProPET UFF, iniciado em 2012, foi desenvolvido nos moldes do PET SESu\/MEC. Ele \u00e9 um programa custeado pela UFF que fomenta a cria\u00e7\u00e3o de grupos de educa\u00e7\u00e3o tutorial para desenvolver atividades de excel\u00eancia em ensino, pesquisa e extens\u00e3o e visa aumentar a qualidade e a quantidade de cidad\u00e3os formados que estejam preparados \u00e9tica e tecnicamente para os desafios da sociedade, ampliando a produ\u00e7\u00e3o cient\u00edfica por meio da pesquisa e da extens\u00e3o. Ele tamb\u00e9m comp\u00f5e iniciativas e estrat\u00e9gias de combate \u00e0 reten\u00e7\u00e3o e evas\u00e3o universit\u00e1rias.<\/p>\r\n\r\n\r\n\r\n<p>Atualmente, o ProPET UFF \u00e9 constitu\u00eddo de 09 grupos localizados em Niter\u00f3i, Campos dos Goytacazes e Nova Friburgo.<\/p>\r\n\r\n\r\n\r\n<p>Maiores detalhes poder\u00e3o ser obtidos no link:\u00a0<a href=\"https:\/\/www.uff.br\/?q=educacao-tutorial-pet-e-propet\">PET_PROPET_UFF<\/a><\/p>\r\n","protected":false},"excerpt":{"rendered":"<p>De acordo com o site da UFF, os Programas de Educa\u00e7\u00e3o Tutorial \u2013 PET\/MEC e ProPET UFF propiciam aos graduandos, sempre orientados por um professor tutor, condi\u00e7\u00f5es para a realiza\u00e7\u00e3o de atividades extracurriculares de ensino, pesquisa e extens\u00e3o que complementem sua forma\u00e7\u00e3o acad\u00eamica.PET SESu\/MEC O Programa de Educa\u00e7\u00e3o Tutorial (PET) ligado \u00e0 Secretaria de Educa\u00e7\u00e3o [&hellip;]<\/p>\n","protected":false},"author":106,"featured_media":0,"parent":600,"menu_order":0,"comment_status":"closed","ping_status":"closed","template":"","meta":{"_et_pb_use_builder":"off","_et_pb_old_content":"","_et_gb_content_width":"","footnotes":""},"class_list":["post-140","page","type-page","status-publish","hentry"],"_links":{"self":[{"href":"https:\/\/mccicm.uff.br\/index.php?rest_route=\/wp\/v2\/pages\/140","targetHints":{"allow":["GET"]}}],"collection":[{"href":"https:\/\/mccicm.uff.br\/index.php?rest_route=\/wp\/v2\/pages"}],"about":[{"href":"https:\/\/mccicm.uff.br\/index.php?rest_route=\/wp\/v2\/types\/page"}],"author":[{"embeddable":true,"href":"https:\/\/mccicm.uff.br\/index.php?rest_route=\/wp\/v2\/users\/106"}],"replies":[{"embeddable":true,"href":"https:\/\/mccicm.uff.br\/index.php?rest_route=%2Fwp%2Fv2%2Fcomments&post=140"}],"version-history":[{"count":2,"href":"https:\/\/mccicm.uff.br\/index.php?rest_route=\/wp\/v2\/pages\/140\/revisions"}],"predecessor-version":[{"id":655,"href":"https:\/\/mccicm.uff.br\/index.php?rest_route=\/wp\/v2\/pages\/140\/revisions\/655"}],"up":[{"embeddable":true,"href":"https:\/\/mccicm.uff.br\/index.php?rest_route=\/wp\/v2\/pages\/600"}],"wp:attachment":[{"href":"https:\/\/mccicm.uff.br\/index.php?rest_route=%2Fwp%2Fv2%2Fmedia&parent=140"}],"curies":[{"name":"wp","href":"https:\/\/api.w.org\/{rel}","templated":true}]}}